{"id":2727,"date":"2023-01-10T10:09:14","date_gmt":"2023-01-10T09:09:14","guid":{"rendered":"https:\/\/www.le-moulin-a-vent.com\/standorte\/"},"modified":"2026-03-02T12:35:32","modified_gmt":"2026-03-02T11:35:32","slug":"standorte","status":"publish","type":"page","link":"https:\/\/www.le-moulin-a-vent.com\/de\/standorte\/","title":{"rendered":"Standorte"},"content":{"rendered":"\n<div class=\"wp-block-columns alignfull has-jaune-clair-background-color has-background\">\n<div class=\"wp-block-column\" style=\"flex-basis:55%\">\n<h1 id=\"des-emplacements-spacieux-et-delimites-en-pleine-nature\">Ger\u00e4umige und<br>abgegrenzte Stellpl\u00e4tze mitten in der Natur<\/h1>\n\n\n\n<p>Entdecken Sie unsere 72 ger\u00e4umigen Stellpl\u00e4tze von 80 bis 200 m2, die durch nat\u00fcrliche Hecken oder kleine Z\u00e4une voneinander getrennt sind, auf einem flachen Gel\u00e4nde, auf einer Terrasse, aber auch in einem h\u00fcbschen kleinen Wald.<\/p>\n<\/div>\n\n\n\n<div class=\"wp-block-column\" style=\"flex-basis:45%\">\n<figure class=\"wp-block-image size-large alignfull img_header\"><img width=\"1024\" height=\"769\" src=\"https:\/\/www.le-moulin-a-vent.com\/wp-content\/uploads\/2023\/01\/CARAVANE-1024x769.jpg\" alt=\"\" class=\"wp-image-2295\" srcset=\"https:\/\/www.le-moulin-a-vent.com\/wp-content\/uploads\/2023\/01\/CARAVANE-1024x769.jpg 1024w, https:\/\/www.le-moulin-a-vent.com\/wp-content\/uploads\/2023\/01\/CARAVANE-300x225.jpg 300w, https:\/\/www.le-moulin-a-vent.com\/wp-content\/uploads\/2023\/01\/CARAVANE-768x577.jpg 768w, https:\/\/www.le-moulin-a-vent.com\/wp-content\/uploads\/2023\/01\/CARAVANE-1536x1153.jpg 1536w, https:\/\/www.le-moulin-a-vent.com\/wp-content\/uploads\/2023\/01\/CARAVANE-2048x1538.jpg 2048w\" sizes=\"(max-width: 1024px) 100vw, 1024px\" \/><\/figure>\n<\/div>\n<\/div>\n\n\n\n<section class=\"wp-container-69e7398742edd wp-block-group moulin\"><div class=\"wp-block-group__inner-container\">\n<div class=\"wp-block-columns\">\n<div class=\"wp-block-column\" style=\"flex-basis:40%\">\n<h2 class=\"has-text-align-center h2_orange\" id=\"des-emplacements-prevus-pour-tous-vos-moyens-de-locomotion-1\">Stellpl\u00e4tze f\u00fcr<br>alle Ihre Fortbewegungsmittel<\/h2>\n\n\n\n<ul class=\"pictos\"><li><i class=\"fal fa-campground\"><\/i>  Zelt<\/li><li><i class=\"fal fa-rv\"><\/i>  Wohnmobil<\/li><li><i class=\"fal fa-caravan\"><\/i>  Wohnwagen<\/li><li><i class=\"fal fa-van-shuttle\"><\/i>  Van\/Kastenwagen<\/li><\/ul>\n<\/div>\n\n\n\n<div class=\"wp-block-column\">\n<p>Auf dem Campingplatz Le Moulin \u00e0 Vent sorgen Carine und Patrice daf\u00fcr, dass es jedem gut geht.<\/p>\n\n\n\n<p>Die Stellpl\u00e4tze f\u00fcr Zelte, Wohnmobile, Vans, Wohnwagen oder andere empfangen die Camper in einer freundlichen Atmosph\u00e4re.<\/p>\n\n\n\n<p>Die Stellpl\u00e4tze befinden sich in einer gr\u00fcnen Umgebung und bieten einen herrlichen Blick auf die Lavendelfelder, Mohnblumen und Kirschb\u00e4ume.<\/p>\n\n\n\n<p>Sie genie\u00dfen einen ruhigen Aufenthalt, meilenweit entfernt vom Trubel der St\u00e4dte und der K\u00fcste.<\/p>\n\n\n\n<div class=\"wp-container-69e7398742a7d wp-block-buttons gap_btn\">\n<div class=\"wp-block-button\"><a class=\"wp-block-button__link\" href=\"https:\/\/www.le-moulin-a-vent.com\/de\/dienste\/\"><i class=\"fas fa-arrow-right\"><\/i> Die Dienste<\/a><\/div>\n\n\n\n<div class=\"wp-block-button btn_resa_empl\"><a class=\"wp-block-button__link\"><i class=\"fas fa-magnifying-glass\"><\/i> Schnell buchen!<\/a><\/div>\n<\/div>\n<\/div>\n<\/div>\n\n\n\n<figure class=\"wp-block-gallery has-nested-images columns-4 is-cropped galerie--3 mob--display\">\n<figure class=\"wp-block-image size-large\"><img width=\"1024\" height=\"769\" src=\"https:\/\/www.le-moulin-a-vent.com\/wp-content\/uploads\/2022\/11\/1665074106797-1024x769.jpg\" alt=\"\" class=\"wp-image-803\" srcset=\"https:\/\/www.le-moulin-a-vent.com\/wp-content\/uploads\/2022\/11\/1665074106797-1024x769.jpg 1024w, https:\/\/www.le-moulin-a-vent.com\/wp-content\/uploads\/2022\/11\/1665074106797-300x225.jpg 300w, https:\/\/www.le-moulin-a-vent.com\/wp-content\/uploads\/2022\/11\/1665074106797-768x577.jpg 768w, https:\/\/www.le-moulin-a-vent.com\/wp-content\/uploads\/2022\/11\/1665074106797-1536x1153.jpg 1536w, https:\/\/www.le-moulin-a-vent.com\/wp-content\/uploads\/2022\/11\/1665074106797-2048x1538.jpg 2048w\" sizes=\"(max-width: 1024px) 100vw, 1024px\" \/><\/figure>\n\n\n\n<figure class=\"wp-block-image size-large\"><img width=\"1024\" height=\"769\" src=\"https:\/\/www.le-moulin-a-vent.com\/wp-content\/uploads\/2022\/11\/fourgon-amenage-place-13-1024x769.jpg\" alt=\"\" class=\"wp-image-807\" srcset=\"https:\/\/www.le-moulin-a-vent.com\/wp-content\/uploads\/2022\/11\/fourgon-amenage-place-13-1024x769.jpg 1024w, https:\/\/www.le-moulin-a-vent.com\/wp-content\/uploads\/2022\/11\/fourgon-amenage-place-13-300x225.jpg 300w, https:\/\/www.le-moulin-a-vent.com\/wp-content\/uploads\/2022\/11\/fourgon-amenage-place-13-768x577.jpg 768w, https:\/\/www.le-moulin-a-vent.com\/wp-content\/uploads\/2022\/11\/fourgon-amenage-place-13-1536x1153.jpg 1536w, https:\/\/www.le-moulin-a-vent.com\/wp-content\/uploads\/2022\/11\/fourgon-amenage-place-13-2048x1538.jpg 2048w\" sizes=\"(max-width: 1024px) 100vw, 1024px\" \/><\/figure>\n\n\n\n<figure class=\"wp-block-image size-large\"><img width=\"1024\" height=\"641\" src=\"https:\/\/www.le-moulin-a-vent.com\/wp-content\/uploads\/2023\/01\/Cherry-Harvest-1024x641.jpeg\" alt=\"\" class=\"wp-image-2300\" srcset=\"https:\/\/www.le-moulin-a-vent.com\/wp-content\/uploads\/2023\/01\/Cherry-Harvest-1024x641.jpeg 1024w, https:\/\/www.le-moulin-a-vent.com\/wp-content\/uploads\/2023\/01\/Cherry-Harvest-300x188.jpeg 300w, https:\/\/www.le-moulin-a-vent.com\/wp-content\/uploads\/2023\/01\/Cherry-Harvest-768x481.jpeg 768w, https:\/\/www.le-moulin-a-vent.com\/wp-content\/uploads\/2023\/01\/Cherry-Harvest-1536x962.jpeg 1536w, https:\/\/www.le-moulin-a-vent.com\/wp-content\/uploads\/2023\/01\/Cherry-Harvest-2048x1283.jpeg 2048w\" sizes=\"(max-width: 1024px) 100vw, 1024px\" \/><\/figure>\n\n\n\n<figure class=\"wp-block-image size-large\"><img width=\"1024\" height=\"461\" src=\"https:\/\/www.le-moulin-a-vent.com\/wp-content\/uploads\/2022\/12\/caravane-emplacement-46.jpg\" alt=\"\" class=\"wp-image-1948\" srcset=\"https:\/\/www.le-moulin-a-vent.com\/wp-content\/uploads\/2022\/12\/caravane-emplacement-46.jpg 1024w, https:\/\/www.le-moulin-a-vent.com\/wp-content\/uploads\/2022\/12\/caravane-emplacement-46-300x135.jpg 300w, https:\/\/www.le-moulin-a-vent.com\/wp-content\/uploads\/2022\/12\/caravane-emplacement-46-768x346.jpg 768w\" sizes=\"(max-width: 1024px) 100vw, 1024px\" \/><\/figure>\n<\/figure>\n<\/div><\/section>\n\n\n\n<div class=\"wp-block-columns fleur_droite alignfull has-jaune-clair-background-color has-background\">\n<div class=\"wp-block-column\" style=\"flex-basis:35%\">\n<figure class=\"wp-block-gallery has-nested-images columns-3 is-cropped diaporama--3\">\n<figure class=\"wp-block-image size-large\"><img width=\"1024\" height=\"768\" src=\"https:\/\/www.le-moulin-a-vent.com\/wp-content\/uploads\/2026\/03\/air-camping-car-moulin-vent-1024x768.webp\" alt=\"\" class=\"wp-image-3754\" srcset=\"https:\/\/www.le-moulin-a-vent.com\/wp-content\/uploads\/2026\/03\/air-camping-car-moulin-vent-1024x768.webp 1024w, https:\/\/www.le-moulin-a-vent.com\/wp-content\/uploads\/2026\/03\/air-camping-car-moulin-vent-300x225.webp 300w, https:\/\/www.le-moulin-a-vent.com\/wp-content\/uploads\/2026\/03\/air-camping-car-moulin-vent-768x576.webp 768w, https:\/\/www.le-moulin-a-vent.com\/wp-content\/uploads\/2026\/03\/air-camping-car-moulin-vent.webp 1080w\" sizes=\"(max-width: 1024px) 100vw, 1024px\" \/><\/figure>\n\n\n\n<figure class=\"wp-block-image size-full\"><img width=\"1024\" height=\"769\" src=\"https:\/\/www.le-moulin-a-vent.com\/wp-content\/uploads\/2022\/12\/1665074106815.jpg\" alt=\"\" class=\"wp-image-1954\" srcset=\"https:\/\/www.le-moulin-a-vent.com\/wp-content\/uploads\/2022\/12\/1665074106815.jpg 1024w, https:\/\/www.le-moulin-a-vent.com\/wp-content\/uploads\/2022\/12\/1665074106815-300x225.jpg 300w, https:\/\/www.le-moulin-a-vent.com\/wp-content\/uploads\/2022\/12\/1665074106815-768x577.jpg 768w\" sizes=\"(max-width: 1024px) 100vw, 1024px\" \/><\/figure>\n\n\n\n<figure class=\"wp-block-image size-large\"><img width=\"352\" height=\"1024\" src=\"https:\/\/www.le-moulin-a-vent.com\/wp-content\/uploads\/2026\/02\/borne-de-recharge-352x1024.jpg\" alt=\"\" class=\"wp-image-3688\" srcset=\"https:\/\/www.le-moulin-a-vent.com\/wp-content\/uploads\/2026\/02\/borne-de-recharge-352x1024.jpg 352w, https:\/\/www.le-moulin-a-vent.com\/wp-content\/uploads\/2026\/02\/borne-de-recharge-103x300.jpg 103w, https:\/\/www.le-moulin-a-vent.com\/wp-content\/uploads\/2026\/02\/borne-de-recharge-768x2233.jpg 768w, https:\/\/www.le-moulin-a-vent.com\/wp-content\/uploads\/2026\/02\/borne-de-recharge-528x1536.jpg 528w, https:\/\/www.le-moulin-a-vent.com\/wp-content\/uploads\/2026\/02\/borne-de-recharge-704x2048.jpg 704w, https:\/\/www.le-moulin-a-vent.com\/wp-content\/uploads\/2026\/02\/borne-de-recharge-scaled.jpg 880w\" sizes=\"(max-width: 352px) 100vw, 352px\" \/><\/figure>\n<\/figure>\n<\/div>\n\n\n\n<div class=\"wp-block-column\">\n<h2 class=\"h2_vert\" id=\"des-emplacements-equipes-pour-votre-confort\">Ausgestattete Stellpl\u00e4tze <em>f\u00fcr Ihren Komfort<\/em><\/h2>\n\n\n\n<p>Trinkwasserstellen und Stroms\u00e4ulen sind sinnvoll \u00fcber den gesamten Campingplatz verteilt.<\/p>\n\n\n\n<p>Aus Sicherheitsgr\u00fcnden ist es verboten, Elektro- und\/oder Hybridfahrzeuge an den Stellpl\u00e4tzen anzuschlie\u00dfen. Eine spezielle Ladestation wurde im Dorf Cucuron neben der Apotheke und gegen\u00fcber der Genossenschaftskellerei installiert.<\/p>\n\n\n\n<p>Auf den Stellpl\u00e4tzen sind nur Gasgrills erlaubt.<\/p>\n\n\n\n<p>F\u00fcr die Saison 2026 wird ein neuer, modernerer und ger\u00e4umigerer Servicebereich f\u00fcr Grauwasser und Schwarzwasser eingef\u00fchrt! Wir m\u00f6chten uns bei der Region S\u00fcd f\u00fcr ihre finanzielle Unterst\u00fctzung bedanken, die diese Investition erm\u00f6glicht hat.<\/p>\n\n\n\n<div class=\"wp-block-group encart-information\"><div class=\"wp-block-group__inner-container\">\n<p>Aus Sicherheitsgr\u00fcnden akzeptieren wir keine Wohnmobile und Wohnwagen mit Doppelachse. Die maximale L\u00e4nge des Wohnmobils darf 7,5 Meter nicht \u00fcberschreiten.<\/p>\n<\/div><\/div>\n<\/div>\n<\/div>\n","protected":false},"excerpt":{"rendered":"<p>Ger\u00e4umige undabgegrenzte Stellpl\u00e4tze mitten in der Natur Entdecken Sie unsere 72 ger\u00e4umigen Stellpl\u00e4tze von 80 bis 200 m2, die durch nat\u00fcrliche Hecken oder kleine Z\u00e4une voneinander getrennt sind, auf einem flachen Gel\u00e4nde, auf einer Terrasse, aber auch in einem h\u00fcbschen kleinen Wald. Stellpl\u00e4tze f\u00fcralle Ihre Fortbewegungsmittel Zelt Wohnmobil Wohnwagen Van\/Kastenwagen Auf dem Campingplatz Le Moulin [&hellip;]<\/p>\n","protected":false},"author":1,"featured_media":0,"parent":0,"menu_order":0,"comment_status":"closed","ping_status":"closed","template":"","meta":[],"acf":[],"_links":{"self":[{"href":"https:\/\/www.le-moulin-a-vent.com\/de\/wp-json\/wp\/v2\/pages\/2727"}],"collection":[{"href":"https:\/\/www.le-moulin-a-vent.com\/de\/wp-json\/wp\/v2\/pages"}],"about":[{"href":"https:\/\/www.le-moulin-a-vent.com\/de\/wp-json\/wp\/v2\/types\/page"}],"author":[{"embeddable":true,"href":"https:\/\/www.le-moulin-a-vent.com\/de\/wp-json\/wp\/v2\/users\/1"}],"replies":[{"embeddable":true,"href":"https:\/\/www.le-moulin-a-vent.com\/de\/wp-json\/wp\/v2\/comments?post=2727"}],"version-history":[{"count":6,"href":"https:\/\/www.le-moulin-a-vent.com\/de\/wp-json\/wp\/v2\/pages\/2727\/revisions"}],"predecessor-version":[{"id":3758,"href":"https:\/\/www.le-moulin-a-vent.com\/de\/wp-json\/wp\/v2\/pages\/2727\/revisions\/3758"}],"wp:attachment":[{"href":"https:\/\/www.le-moulin-a-vent.com\/de\/wp-json\/wp\/v2\/media?parent=2727"}],"curies":[{"name":"wp","href":"https:\/\/api.w.org\/{rel}","templated":true}]}}